{"id":16,"date":"2024-10-30T10:49:00","date_gmt":"2024-10-30T09:49:00","guid":{"rendered":"https:\/\/tudemo.maxminterm.com\/?page_id=16"},"modified":"2024-11-14T12:28:51","modified_gmt":"2024-11-14T11:28:51","slug":"servicios","status":"publish","type":"page","link":"http:\/\/lazarometalpres.com\/ca\/servicios\/","title":{"rendered":"SERVEIS"},"content":{"rendered":"<p class=\"wp-block-paragraph\"><\/p>\n\n\n\n<div class=\"wp-block-gutena-tabs gutena-tabs-block gutena-tabs-block-899ab4-0f\"><ul class=\"gutena-tabs-tab tab-flex\"><li class=\"gutena-tab-title active\" data-tab=\"1\"><div class=\"gutena-tab-title-content icon-top\"><div class=\"gutena-tab-title-text\"><div>TALLER METAL\u00b7L\u00daRGIC<\/div><\/div><\/div><\/li><li class=\"gutena-tab-title inactive\" data-tab=\"2\"><div class=\"gutena-tab-title-content icon-top\"><div class=\"gutena-tab-title-text\"><div>MUNTATGES INDUSTRIALS<\/div><\/div><\/div><\/li><\/ul><div class=\"gutena-tabs-content has-global-padding is-layout-constrained wp-block-gutena-tabs-is-layout-constrained\">\n<div class=\"wp-block-gutena-tab gutena-tab-block gutena-tab-block-f513aa-49 active\" data-tab=\"1\">\n<div class=\"wp-block-anchor-block-standard\" id=\"taller_met\" data-anchor-padding=\"1\" style=\"--data-anchor-padding: 1px\"><\/div>\n\n\n\n<div class=\"wp-block-group skill-section has-background-background-color has-background is-layout-flow wp-block-group-is-layout-flow\">\n<div style=\"height:45px\" aria-hidden=\"true\" class=\"wp-block-spacer\"><\/div>\n\n\n\n<div class=\"wp-block-columns are-vertically-aligned-center skill-outer-box is-layout-flex wp-container-core-columns-is-layout-a8c041b7 wp-block-columns-is-layout-flex\">\n<div class=\"wp-block-column is-vertically-aligned-center skill-box wow zoomIn is-layout-flow wp-block-column-is-layout-flow\" style=\"flex-basis:33%\">\n<div class=\"wp-block-group skill-inner-box has-background-background-color has-background has-global-padding is-layout-constrained wp-container-core-group-is-layout-ce699241 wp-block-group-is-layout-constrained\" style=\"padding-top:20px;padding-right:15px;padding-bottom:20px;padding-left:15px\">\n<figure class=\"wp-block-image aligncenter size-full is-resized skill-img\" id=\"tallermetalurgico\"><img loading=\"lazy\" decoding=\"async\" width=\"512\" height=\"512\" src=\"http:\/\/lazarometalpres.com\/wp-content\/uploads\/2024\/11\/haz.png\" alt=\"\" class=\"wp-image-298\" style=\"width:100px\" srcset=\"https:\/\/lazarometalpres.com\/wp-content\/uploads\/2024\/11\/haz.png 512w, https:\/\/lazarometalpres.com\/wp-content\/uploads\/2024\/11\/haz-300x300.png 300w, https:\/\/lazarometalpres.com\/wp-content\/uploads\/2024\/11\/haz-150x150.png 150w, https:\/\/lazarometalpres.com\/wp-content\/uploads\/2024\/11\/haz-12x12.png 12w\" sizes=\"auto, (max-width: 512px) 100vw, 512px\" \/><\/figure>\n\n\n\n<div style=\"height:50px\" aria-hidden=\"true\" class=\"wp-block-spacer\"><\/div>\n\n\n\n<h5 class=\"wp-block-heading has-text-align-center has-secondary-color has-text-color has-link-color wp-elements-ae57d18412cdaffbc295b935c6b45bd1\" style=\"text-transform:capitalize\">ESTR.MET\u00c0L\u00b7LICA I CALDERERIA<\/h5>\n\n\n\n<p class=\"has-text-align-center wp-block-paragraph\">Porxos, escales exteriors, grades, seguidors solars, caldereria\u2026<\/p>\n\n\n\n<div class=\"wp-block-buttons is-content-justification-center is-layout-flex wp-container-core-buttons-is-layout-3e41869c wp-block-buttons-is-layout-flex\">\n<div class=\"wp-block-button\"><a class=\"wp-block-button__link wp-element-button\" href=\"http:\/\/lazarometalpres.com\/ca\/productos\/#estructura\">Veure<\/a><\/div>\n<\/div>\n<\/div>\n<\/div>\n\n\n\n<div class=\"wp-block-column is-vertically-aligned-center skill-box wow zoomIn is-layout-flow wp-block-column-is-layout-flow\" style=\"flex-basis:34%\">\n<div class=\"wp-block-group skill-inner-box has-background-background-color has-background has-global-padding is-layout-constrained wp-container-core-group-is-layout-ce699241 wp-block-group-is-layout-constrained\" style=\"padding-top:20px;padding-right:15px;padding-bottom:20px;padding-left:15px\">\n<figure class=\"wp-block-image aligncenter size-full is-resized skill-img\"><img loading=\"lazy\" decoding=\"async\" width=\"512\" height=\"512\" src=\"http:\/\/lazarometalpres.com\/wp-content\/uploads\/2024\/11\/ooooooooooooooooooooooooooooooooooooo.png\" alt=\"\" class=\"wp-image-299\" style=\"width:100px\" srcset=\"https:\/\/lazarometalpres.com\/wp-content\/uploads\/2024\/11\/ooooooooooooooooooooooooooooooooooooo.png 512w, https:\/\/lazarometalpres.com\/wp-content\/uploads\/2024\/11\/ooooooooooooooooooooooooooooooooooooo-300x300.png 300w, https:\/\/lazarometalpres.com\/wp-content\/uploads\/2024\/11\/ooooooooooooooooooooooooooooooooooooo-150x150.png 150w, https:\/\/lazarometalpres.com\/wp-content\/uploads\/2024\/11\/ooooooooooooooooooooooooooooooooooooo-12x12.png 12w\" sizes=\"auto, (max-width: 512px) 100vw, 512px\" \/><\/figure>\n\n\n\n<div style=\"height:50px\" aria-hidden=\"true\" class=\"wp-block-spacer\"><\/div>\n\n\n\n<h5 class=\"wp-block-heading has-text-align-center has-secondary-color has-text-color has-link-color wp-elements-b4396c69e71206290f467ad2255b301f\" style=\"text-transform:capitalize\">MOBILIARI EL\u00c8CTRIC<\/h5>\n\n\n\n<p class=\"has-text-align-center wp-block-paragraph\">Portes d'acc\u00e9s, ventilaci\u00f3, suports armaris, vigats, trapes\u2026<\/p>\n\n\n\n<div class=\"wp-block-buttons is-content-justification-center is-layout-flex wp-container-core-buttons-is-layout-3e41869c wp-block-buttons-is-layout-flex\">\n<div class=\"wp-block-button\"><a class=\"wp-block-button__link wp-element-button\" href=\"http:\/\/lazarometalpres.com\/ca\/productos\/#mobiliarioelectrico\">Veure<\/a><\/div>\n<\/div>\n<\/div>\n<\/div>\n\n\n\n<div class=\"wp-block-column is-vertically-aligned-center skill-box wow zoomIn is-layout-flow wp-block-column-is-layout-flow\" style=\"flex-basis:33%\">\n<div class=\"wp-block-group skill-inner-box has-background-background-color has-background has-global-padding is-layout-constrained wp-container-core-group-is-layout-ce699241 wp-block-group-is-layout-constrained\" style=\"padding-top:20px;padding-right:15px;padding-bottom:20px;padding-left:15px\">\n<figure class=\"wp-block-image aligncenter size-full is-resized skill-img\"><img loading=\"lazy\" decoding=\"async\" width=\"512\" height=\"512\" src=\"http:\/\/lazarometalpres.com\/wp-content\/uploads\/2024\/11\/cerrajero.png\" alt=\"\" class=\"wp-image-300\" style=\"width:100px\" srcset=\"https:\/\/lazarometalpres.com\/wp-content\/uploads\/2024\/11\/cerrajero.png 512w, https:\/\/lazarometalpres.com\/wp-content\/uploads\/2024\/11\/cerrajero-300x300.png 300w, https:\/\/lazarometalpres.com\/wp-content\/uploads\/2024\/11\/cerrajero-150x150.png 150w, https:\/\/lazarometalpres.com\/wp-content\/uploads\/2024\/11\/cerrajero-12x12.png 12w\" sizes=\"auto, (max-width: 512px) 100vw, 512px\" \/><\/figure>\n\n\n\n<div style=\"height:50px\" aria-hidden=\"true\" class=\"wp-block-spacer\"><\/div>\n\n\n\n<h5 class=\"wp-block-heading has-text-align-center has-secondary-color has-text-color has-link-color wp-elements-d8717b03867ab3baff0b8ad6cabe6e52\" style=\"text-transform:capitalize\">SERRALLERIA I COMPLEMENTS<\/h5>\n\n\n\n<p class=\"has-text-align-center wp-block-paragraph\">Baranes, portes corredisses, automatitzacions, obra p\u00fablica\u2026<\/p>\n\n\n\n<div class=\"wp-block-buttons is-content-justification-center is-layout-flex wp-container-core-buttons-is-layout-3e41869c wp-block-buttons-is-layout-flex\">\n<div class=\"wp-block-button\"><a class=\"wp-block-button__link wp-element-button\" href=\"http:\/\/lazarometalpres.com\/ca\/productos\/#cerrajeriacomplementos\">Veure<\/a><\/div>\n<\/div>\n<\/div>\n<\/div>\n<\/div>\n\n\n\n<div style=\"height:50px\" aria-hidden=\"true\" class=\"wp-block-spacer\"><\/div>\n\n\n\n<div class=\"wp-block-columns are-vertically-aligned-center skill-outer-box is-layout-flex wp-container-core-columns-is-layout-a8c041b7 wp-block-columns-is-layout-flex\">\n<div class=\"wp-block-column is-vertically-aligned-center skill-box wow zoomIn is-layout-flow wp-block-column-is-layout-flow\" style=\"flex-basis:100%\">\n<div class=\"wp-block-group skill-inner-box has-background-background-color has-background has-global-padding is-layout-constrained wp-container-core-group-is-layout-ce699241 wp-block-group-is-layout-constrained\" style=\"padding-top:20px;padding-right:15px;padding-bottom:20px;padding-left:15px\">\n<figure class=\"wp-block-image aligncenter size-full is-resized skill-img\"><img loading=\"lazy\" decoding=\"async\" width=\"512\" height=\"512\" src=\"http:\/\/lazarometalpres.com\/wp-content\/uploads\/2024\/11\/diseno-de-producto.png\" alt=\"\" class=\"wp-image-302\" style=\"width:100px\" srcset=\"https:\/\/lazarometalpres.com\/wp-content\/uploads\/2024\/11\/diseno-de-producto.png 512w, https:\/\/lazarometalpres.com\/wp-content\/uploads\/2024\/11\/diseno-de-producto-300x300.png 300w, https:\/\/lazarometalpres.com\/wp-content\/uploads\/2024\/11\/diseno-de-producto-150x150.png 150w, https:\/\/lazarometalpres.com\/wp-content\/uploads\/2024\/11\/diseno-de-producto-12x12.png 12w\" sizes=\"auto, (max-width: 512px) 100vw, 512px\" \/><\/figure>\n\n\n\n<div style=\"height:50px\" aria-hidden=\"true\" class=\"wp-block-spacer\"><\/div>\n\n\n\n<h5 class=\"wp-block-heading has-text-align-center has-secondary-color has-text-color has-link-color wp-elements-1aec9b97a2c1ee3a63bf546d7bdd8948\" style=\"text-transform:capitalize\">PRODUCTE PROPI<\/h5>\n\n\n\n<figure class=\"wp-block-image aligncenter size-full is-resized has-custom-border is-style-rounded\"><a href=\"http:\/\/lazarometalpres.com\/ca\/productos\/\"><img loading=\"lazy\" decoding=\"async\" width=\"1199\" height=\"148\" src=\"http:\/\/lazarometalpres.com\/wp-content\/uploads\/2024\/11\/productepropi-2400w.png\" alt=\"\" class=\"has-border-color has-footer-bg-border-color wp-image-306\" style=\"width:800px\" srcset=\"https:\/\/lazarometalpres.com\/wp-content\/uploads\/2024\/11\/productepropi-2400w.png 1199w, https:\/\/lazarometalpres.com\/wp-content\/uploads\/2024\/11\/productepropi-2400w-300x37.png 300w, https:\/\/lazarometalpres.com\/wp-content\/uploads\/2024\/11\/productepropi-2400w-1024x126.png 1024w, https:\/\/lazarometalpres.com\/wp-content\/uploads\/2024\/11\/productepropi-2400w-768x95.png 768w, https:\/\/lazarometalpres.com\/wp-content\/uploads\/2024\/11\/productepropi-2400w-18x2.png 18w\" sizes=\"auto, (max-width: 1199px) 100vw, 1199px\" \/><\/a><\/figure>\n\n\n\n<div class=\"wp-block-buttons is-content-justification-center is-layout-flex wp-container-core-buttons-is-layout-3e41869c wp-block-buttons-is-layout-flex\">\n<div class=\"wp-block-button\"><a class=\"wp-block-button__link wp-element-button\" href=\"http:\/\/lazarometalpres.com\/wp-content\/uploads\/2024\/11\/1_taller.pdf\">PDF<\/a><\/div>\n<\/div>\n<\/div>\n<\/div>\n<\/div>\n\n\n\n<div style=\"height:45px\" aria-hidden=\"true\" class=\"wp-block-spacer\"><\/div>\n<\/div>\n<\/div>\n\n\n\n<div class=\"wp-block-gutena-tab gutena-tab-block gutena-tab-block-8475fd-88 inactive\" data-tab=\"2\">\n<div class=\"wp-block-anchor-block-standard\" id=\"mont_ind\" data-anchor-padding=\"1\" style=\"--data-anchor-padding: 1px\"><\/div>\n\n\n\n<div id=\"montajes_industriales\" class=\"wp-block-group skill-section has-background-background-color has-background is-layout-flow wp-block-group-is-layout-flow\">\n<div style=\"height:45px\" aria-hidden=\"true\" class=\"wp-block-spacer\"><\/div>\n\n\n\n<div class=\"wp-block-columns are-vertically-aligned-center skill-outer-box is-layout-flex wp-container-core-columns-is-layout-a8c041b7 wp-block-columns-is-layout-flex\">\n<div class=\"wp-block-column is-vertically-aligned-center skill-box wow zoomIn is-layout-flow wp-block-column-is-layout-flow\" style=\"flex-basis:50%\">\n<div class=\"wp-block-group skill-inner-box has-background-background-color has-background has-global-padding is-layout-constrained wp-container-core-group-is-layout-ce699241 wp-block-group-is-layout-constrained\" style=\"padding-top:20px;padding-right:15px;padding-bottom:20px;padding-left:15px\">\n<figure class=\"wp-block-image aligncenter size-full is-resized skill-img\"><img loading=\"lazy\" decoding=\"async\" width=\"512\" height=\"512\" src=\"http:\/\/lazarometalpres.com\/wp-content\/uploads\/2024\/11\/tubo.png\" alt=\"\" class=\"wp-image-319\" style=\"width:100px\" srcset=\"https:\/\/lazarometalpres.com\/wp-content\/uploads\/2024\/11\/tubo.png 512w, https:\/\/lazarometalpres.com\/wp-content\/uploads\/2024\/11\/tubo-300x300.png 300w, https:\/\/lazarometalpres.com\/wp-content\/uploads\/2024\/11\/tubo-150x150.png 150w, https:\/\/lazarometalpres.com\/wp-content\/uploads\/2024\/11\/tubo-12x12.png 12w\" sizes=\"auto, (max-width: 512px) 100vw, 512px\" \/><\/figure>\n\n\n\n<div style=\"height:50px\" aria-hidden=\"true\" class=\"wp-block-spacer\"><\/div>\n\n\n\n<h5 class=\"wp-block-heading has-text-align-center has-secondary-color has-text-color has-link-color wp-elements-e65c5d97c2a02231854a2c130f53f7a1\" style=\"text-transform:capitalize\">INSTAL\u00b7LACIONS DE CANONADES<\/h5>\n\n\n\n<p class=\"has-text-align-center wp-block-paragraph\">Per a fluids a pressi\u00f3. Inscrits al Registre d'Empreses Instal\u00b7ladores d'Equips a Pressi\u00f3 de la Generalitat de Catalunya.<\/p>\n\n\n\n<details class=\"wp-block-details is-layout-flow wp-block-details-is-layout-flow\"><summary>Detalls<\/summary>\n<p class=\"wp-block-paragraph\"><strong>Ens avala una dilatada experi\u00e8ncia en instal\u00b7laci\u00f3.<\/strong><\/p>\n\n\n\n<p class=\"wp-block-paragraph\">La instal\u00b7laci\u00f3 d'equipaments d'aire i aigua per a l'\u00fas industrial \u00e9s un dels nostres principals forts. Experts a la instal\u00b7laci\u00f3.<\/p>\n\n\n\n<ul class=\"wp-block-list\">\n<li>Vapor<\/li>\n\n\n\n<li>Aire comprimit&nbsp;<\/li>\n\n\n\n<li>Gasos&nbsp;<\/li>\n<\/ul>\n<\/details>\n\n\n\n<div class=\"wp-block-buttons is-content-justification-center is-layout-flex wp-container-core-buttons-is-layout-3e41869c wp-block-buttons-is-layout-flex\">\n<div class=\"wp-block-button\"><a class=\"wp-block-button__link wp-element-button\" href=\"http:\/\/lazarometalpres.com\/ca\/montajes\/#estructurametalica\">Veure<\/a><\/div>\n<\/div>\n<\/div>\n<\/div>\n\n\n\n<div class=\"wp-block-column is-vertically-aligned-center skill-box wow zoomIn is-layout-flow wp-block-column-is-layout-flow\" style=\"flex-basis:50%\">\n<div class=\"wp-block-group skill-inner-box has-background-background-color has-background has-global-padding is-layout-constrained wp-container-core-group-is-layout-ce699241 wp-block-group-is-layout-constrained\" style=\"padding-top:20px;padding-right:15px;padding-bottom:20px;padding-left:15px\">\n<figure class=\"wp-block-image aligncenter size-full is-resized skill-img\"><img loading=\"lazy\" decoding=\"async\" width=\"512\" height=\"512\" src=\"http:\/\/lazarometalpres.com\/wp-content\/uploads\/2024\/11\/casco-de-soldadura.png\" alt=\"\" class=\"wp-image-320\" style=\"width:100px\" srcset=\"https:\/\/lazarometalpres.com\/wp-content\/uploads\/2024\/11\/casco-de-soldadura.png 512w, https:\/\/lazarometalpres.com\/wp-content\/uploads\/2024\/11\/casco-de-soldadura-300x300.png 300w, https:\/\/lazarometalpres.com\/wp-content\/uploads\/2024\/11\/casco-de-soldadura-150x150.png 150w, https:\/\/lazarometalpres.com\/wp-content\/uploads\/2024\/11\/casco-de-soldadura-12x12.png 12w\" sizes=\"auto, (max-width: 512px) 100vw, 512px\" \/><\/figure>\n\n\n\n<div style=\"height:50px\" aria-hidden=\"true\" class=\"wp-block-spacer\"><\/div>\n\n\n\n<h5 class=\"wp-block-heading has-text-align-center has-secondary-color has-text-color has-link-color wp-elements-2f0e01b78aea5fb39d06eb4ade0c671b\" style=\"text-transform:capitalize\">MUNTATGES PER A LA CONSTRUCCI\u00d3<\/h5>\n\n\n\n<p class=\"has-text-align-center wp-block-paragraph\">Fabricaci\u00f3 de recipients per a pressi\u00f3. Muntatges d'estructures met\u00e0l\u00b7liques. Procediments i soldadors homologats.<\/p>\n\n\n\n<details class=\"wp-block-details is-layout-flow wp-block-details-is-layout-flow\"><summary>Detalls<\/summary>\n<p class=\"wp-block-paragraph\">Fabriquem dissenys a mida de recipients per a emmagatzematge de fluids a pressi\u00f3. Personalitzem els nostres productes per a un perfecte disseny del recipient juntament amb la seva instal\u00b7laci\u00f3 de canonades. Treballem tant a la ind\u00fastria metal\u00b7l\u00fargica (aire, gasos) com a la t\u00e8xtil (vapor).<\/p>\n\n\n\n<ul class=\"wp-block-list\">\n<li>Aigua grans cabals<\/li>\n\n\n\n<li>Caldereria<\/li>\n<\/ul>\n\n\n\n<p class=\"wp-block-paragraph\">A m\u00e9s, fabriquem i muntem tot tipus d'estructures met\u00e0l\u00b7liques, com ara grades, panells energia solar, marquesines, escales, etc.<\/p>\n<\/details>\n\n\n\n<div class=\"wp-block-buttons is-content-justification-center is-layout-flex wp-container-core-buttons-is-layout-3e41869c wp-block-buttons-is-layout-flex\">\n<div class=\"wp-block-button\"><a class=\"wp-block-button__link wp-element-button\" href=\"http:\/\/lazarometalpres.com\/ca\/montajes\/\">Veure<\/a><\/div>\n<\/div>\n<\/div>\n<\/div>\n<\/div>\n\n\n\n<div style=\"height:45px\" aria-hidden=\"true\" class=\"wp-block-spacer\"><\/div>\n<\/div>\n<\/div>\n<\/div><\/div>","protected":false},"excerpt":{"rendered":"","protected":false},"author":1,"featured_media":0,"parent":0,"menu_order":0,"comment_status":"closed","ping_status":"closed","template":"","meta":{"_crdt_document":"","footnotes":""},"class_list":["post-16","page","type-page","status-publish","hentry"],"yoast_head":"<!-- This site is optimized with the Yoast SEO plugin v27.4 - https:\/\/yoast.com\/product\/yoast-seo-wordpress\/ -->\n<title>Servicios - Lazaro Metalpres<\/title>\n<meta name=\"robots\" content=\"index, follow, max-snippet:-1, max-image-preview:large, max-video-preview:-1\" \/>\n<link rel=\"canonical\" href=\"https:\/\/lazarometalpres.com\/ca\/servicios\/\" \/>\n<meta property=\"og:locale\" content=\"ca_ES\" \/>\n<meta property=\"og:type\" content=\"article\" \/>\n<meta property=\"og:title\" content=\"Servicios - Lazaro Metalpres\" \/>\n<meta property=\"og:url\" content=\"https:\/\/lazarometalpres.com\/ca\/servicios\/\" \/>\n<meta property=\"og:site_name\" content=\"Lazaro Metalpres\" \/>\n<meta property=\"article:modified_time\" content=\"2024-11-14T11:28:51+00:00\" \/>\n<meta property=\"og:image\" content=\"http:\/\/lazarometalpres.com\/wp-content\/uploads\/2024\/11\/haz.png\" \/>\n<meta name=\"twitter:card\" content=\"summary_large_image\" \/>\n<meta name=\"twitter:label1\" content=\"Temps estimat de lectura\" \/>\n\t<meta name=\"twitter:data1\" content=\"1 minut\" \/>\n<script type=\"application\/ld+json\" class=\"yoast-schema-graph\">{\"@context\":\"https:\\\/\\\/schema.org\",\"@graph\":[{\"@type\":\"WebPage\",\"@id\":\"https:\\\/\\\/lazarometalpres.com\\\/servicios\\\/\",\"url\":\"https:\\\/\\\/lazarometalpres.com\\\/servicios\\\/\",\"name\":\"Servicios - Lazaro Metalpres\",\"isPartOf\":{\"@id\":\"https:\\\/\\\/lazarometalpres.com\\\/#website\"},\"primaryImageOfPage\":{\"@id\":\"https:\\\/\\\/lazarometalpres.com\\\/servicios\\\/#primaryimage\"},\"image\":{\"@id\":\"https:\\\/\\\/lazarometalpres.com\\\/servicios\\\/#primaryimage\"},\"thumbnailUrl\":\"http:\\\/\\\/lazarometalpres.com\\\/wp-content\\\/uploads\\\/2024\\\/11\\\/haz.png\",\"datePublished\":\"2024-10-30T09:49:00+00:00\",\"dateModified\":\"2024-11-14T11:28:51+00:00\",\"breadcrumb\":{\"@id\":\"https:\\\/\\\/lazarometalpres.com\\\/servicios\\\/#breadcrumb\"},\"inLanguage\":\"ca\",\"potentialAction\":[{\"@type\":\"ReadAction\",\"target\":[\"https:\\\/\\\/lazarometalpres.com\\\/servicios\\\/\"]}]},{\"@type\":\"ImageObject\",\"inLanguage\":\"ca\",\"@id\":\"https:\\\/\\\/lazarometalpres.com\\\/servicios\\\/#primaryimage\",\"url\":\"http:\\\/\\\/lazarometalpres.com\\\/wp-content\\\/uploads\\\/2024\\\/11\\\/haz.png\",\"contentUrl\":\"http:\\\/\\\/lazarometalpres.com\\\/wp-content\\\/uploads\\\/2024\\\/11\\\/haz.png\"},{\"@type\":\"BreadcrumbList\",\"@id\":\"https:\\\/\\\/lazarometalpres.com\\\/servicios\\\/#breadcrumb\",\"itemListElement\":[{\"@type\":\"ListItem\",\"position\":1,\"name\":\"Portada\",\"item\":\"https:\\\/\\\/lazarometalpres.com\\\/\"},{\"@type\":\"ListItem\",\"position\":2,\"name\":\"Servicios\"}]},{\"@type\":\"WebSite\",\"@id\":\"https:\\\/\\\/lazarometalpres.com\\\/#website\",\"url\":\"https:\\\/\\\/lazarometalpres.com\\\/\",\"name\":\"L\u00e1zaro Metalpres\",\"description\":\"Taller Metal\u00fargico y Montajes Industriales\",\"publisher\":{\"@id\":\"https:\\\/\\\/lazarometalpres.com\\\/#organization\"},\"potentialAction\":[{\"@type\":\"SearchAction\",\"target\":{\"@type\":\"EntryPoint\",\"urlTemplate\":\"https:\\\/\\\/lazarometalpres.com\\\/?s={search_term_string}\"},\"query-input\":{\"@type\":\"PropertyValueSpecification\",\"valueRequired\":true,\"valueName\":\"search_term_string\"}}],\"inLanguage\":\"ca\"},{\"@type\":\"Organization\",\"@id\":\"https:\\\/\\\/lazarometalpres.com\\\/#organization\",\"name\":\"L\u00e1zaro Metalpres\",\"url\":\"https:\\\/\\\/lazarometalpres.com\\\/\",\"logo\":{\"@type\":\"ImageObject\",\"inLanguage\":\"ca\",\"@id\":\"https:\\\/\\\/lazarometalpres.com\\\/#\\\/schema\\\/logo\\\/image\\\/\",\"url\":\"https:\\\/\\\/lazarometalpres.com\\\/wp-content\\\/uploads\\\/2024\\\/10\\\/LOGO_LAZARO_METALPRES-transformed.png\",\"contentUrl\":\"https:\\\/\\\/lazarometalpres.com\\\/wp-content\\\/uploads\\\/2024\\\/10\\\/LOGO_LAZARO_METALPRES-transformed.png\",\"width\":7018,\"height\":2256,\"caption\":\"L\u00e1zaro Metalpres\"},\"image\":{\"@id\":\"https:\\\/\\\/lazarometalpres.com\\\/#\\\/schema\\\/logo\\\/image\\\/\"},\"sameAs\":[\"https:\\\/\\\/www.linkedin.com\\\/company\\\/lazaro-metalpres\"]}]}<\/script>\n<!-- \/ Yoast SEO plugin. -->","yoast_head_json":{"title":"Servicios - Lazaro Metalpres","robots":{"index":"index","follow":"follow","max-snippet":"max-snippet:-1","max-image-preview":"max-image-preview:large","max-video-preview":"max-video-preview:-1"},"canonical":"https:\/\/lazarometalpres.com\/ca\/servicios\/","og_locale":"ca_ES","og_type":"article","og_title":"Servicios - Lazaro Metalpres","og_url":"https:\/\/lazarometalpres.com\/ca\/servicios\/","og_site_name":"Lazaro Metalpres","article_modified_time":"2024-11-14T11:28:51+00:00","og_image":[{"url":"http:\/\/lazarometalpres.com\/wp-content\/uploads\/2024\/11\/haz.png","type":"","width":"","height":""}],"twitter_card":"summary_large_image","twitter_misc":{"Temps estimat de lectura":"1 minut"},"schema":{"@context":"https:\/\/schema.org","@graph":[{"@type":"WebPage","@id":"https:\/\/lazarometalpres.com\/servicios\/","url":"https:\/\/lazarometalpres.com\/servicios\/","name":"Servicios - Lazaro Metalpres","isPartOf":{"@id":"https:\/\/lazarometalpres.com\/#website"},"primaryImageOfPage":{"@id":"https:\/\/lazarometalpres.com\/servicios\/#primaryimage"},"image":{"@id":"https:\/\/lazarometalpres.com\/servicios\/#primaryimage"},"thumbnailUrl":"http:\/\/lazarometalpres.com\/wp-content\/uploads\/2024\/11\/haz.png","datePublished":"2024-10-30T09:49:00+00:00","dateModified":"2024-11-14T11:28:51+00:00","breadcrumb":{"@id":"https:\/\/lazarometalpres.com\/servicios\/#breadcrumb"},"inLanguage":"ca","potentialAction":[{"@type":"ReadAction","target":["https:\/\/lazarometalpres.com\/servicios\/"]}]},{"@type":"ImageObject","inLanguage":"ca","@id":"https:\/\/lazarometalpres.com\/servicios\/#primaryimage","url":"http:\/\/lazarometalpres.com\/wp-content\/uploads\/2024\/11\/haz.png","contentUrl":"http:\/\/lazarometalpres.com\/wp-content\/uploads\/2024\/11\/haz.png"},{"@type":"BreadcrumbList","@id":"https:\/\/lazarometalpres.com\/servicios\/#breadcrumb","itemListElement":[{"@type":"ListItem","position":1,"name":"Portada","item":"https:\/\/lazarometalpres.com\/"},{"@type":"ListItem","position":2,"name":"Servicios"}]},{"@type":"WebSite","@id":"https:\/\/lazarometalpres.com\/#website","url":"https:\/\/lazarometalpres.com\/","name":"L\u00e1zaro Metalpres","description":"Taller Metal\u00fargico y Montajes Industriales","publisher":{"@id":"https:\/\/lazarometalpres.com\/#organization"},"potentialAction":[{"@type":"SearchAction","target":{"@type":"EntryPoint","urlTemplate":"https:\/\/lazarometalpres.com\/?s={search_term_string}"},"query-input":{"@type":"PropertyValueSpecification","valueRequired":true,"valueName":"search_term_string"}}],"inLanguage":"ca"},{"@type":"Organization","@id":"https:\/\/lazarometalpres.com\/#organization","name":"L\u00e1zaro Metalpres","url":"https:\/\/lazarometalpres.com\/","logo":{"@type":"ImageObject","inLanguage":"ca","@id":"https:\/\/lazarometalpres.com\/#\/schema\/logo\/image\/","url":"https:\/\/lazarometalpres.com\/wp-content\/uploads\/2024\/10\/LOGO_LAZARO_METALPRES-transformed.png","contentUrl":"https:\/\/lazarometalpres.com\/wp-content\/uploads\/2024\/10\/LOGO_LAZARO_METALPRES-transformed.png","width":7018,"height":2256,"caption":"L\u00e1zaro Metalpres"},"image":{"@id":"https:\/\/lazarometalpres.com\/#\/schema\/logo\/image\/"},"sameAs":["https:\/\/www.linkedin.com\/company\/lazaro-metalpres"]}]}},"_links":{"self":[{"href":"http:\/\/lazarometalpres.com\/ca\/wp-json\/wp\/v2\/pages\/16","targetHints":{"allow":["GET"]}}],"collection":[{"href":"http:\/\/lazarometalpres.com\/ca\/wp-json\/wp\/v2\/pages"}],"about":[{"href":"http:\/\/lazarometalpres.com\/ca\/wp-json\/wp\/v2\/types\/page"}],"author":[{"embeddable":true,"href":"http:\/\/lazarometalpres.com\/ca\/wp-json\/wp\/v2\/users\/1"}],"replies":[{"embeddable":true,"href":"http:\/\/lazarometalpres.com\/ca\/wp-json\/wp\/v2\/comments?post=16"}],"version-history":[{"count":27,"href":"http:\/\/lazarometalpres.com\/ca\/wp-json\/wp\/v2\/pages\/16\/revisions"}],"predecessor-version":[{"id":449,"href":"http:\/\/lazarometalpres.com\/ca\/wp-json\/wp\/v2\/pages\/16\/revisions\/449"}],"wp:attachment":[{"href":"http:\/\/lazarometalpres.com\/ca\/wp-json\/wp\/v2\/media?parent=16"}],"curies":[{"name":"wp","href":"https:\/\/api.w.org\/{rel}","templated":true}]}}